{"id":5,"date":"2014-03-10T20:18:02","date_gmt":"2014-03-10T20:18:02","guid":{"rendered":"http:\/\/aka.elektroflux.net\/kischko\/?page_id=5"},"modified":"2014-04-09T08:42:15","modified_gmt":"2014-04-09T08:42:15","slug":"produkte","status":"publish","type":"page","link":"http:\/\/kischko.at\/","title":{"rendered":"PRODUKTE"},"content":{"rendered":"<p><img decoding=\"async\" loading=\"lazy\" class=\"alignnone size-full wp-image-219\" alt=\"start\" src=\"http:\/\/kischko.at\/wp-content\/uploads\/start.jpg\" width=\"513\" height=\"374\" \/><\/p>\n<h3>Neuer Touch f\u00fcr Ihr Zuhause? Oder Ihr B\u00fcro, Gesch\u00e4ft, Lokal &#8230;?<br \/>\nLassen Sie sich von unserer Homepage inspirieren \u2013 oder vereinbaren Sie gleich einen pers\u00f6nlichen <a title=\"IMPRESSUM\" href=\"http:\/\/kischko.at\/?page_id=71\">Beratungstermin<\/a> mit uns!<\/h3>\n","protected":false},"excerpt":{"rendered":"<p>Neuer Touch f\u00fcr Ihr Zuhause? Oder Ihr B\u00fcro, Gesch\u00e4ft, Lokal &#8230;? Lassen Sie sich von unserer Homepage inspirieren \u2013 oder vereinbaren Sie gleich einen pers\u00f6nlichen Beratungstermin mit uns!<\/p>\n","protected":false},"author":2,"featured_media":0,"parent":0,"menu_order":8,"comment_status":"closed","ping_status":"closed","template":"","meta":{"footnotes":""},"_links":{"self":[{"href":"http:\/\/kischko.at\/index.php?rest_route=\/wp\/v2\/pages\/5"}],"collection":[{"href":"http:\/\/kischko.at\/index.php?rest_route=\/wp\/v2\/pages"}],"about":[{"href":"http:\/\/kischko.at\/index.php?rest_route=\/wp\/v2\/types\/page"}],"author":[{"embeddable":true,"href":"http:\/\/kischko.at\/index.php?rest_route=\/wp\/v2\/users\/2"}],"replies":[{"embeddable":true,"href":"http:\/\/kischko.at\/index.php?rest_route=%2Fwp%2Fv2%2Fcomments&post=5"}],"version-history":[{"count":4,"href":"http:\/\/kischko.at\/index.php?rest_route=\/wp\/v2\/pages\/5\/revisions"}],"predecessor-version":[{"id":223,"href":"http:\/\/kischko.at\/index.php?rest_route=\/wp\/v2\/pages\/5\/revisions\/223"}],"wp:attachment":[{"href":"http:\/\/kischko.at\/index.php?rest_route=%2Fwp%2Fv2%2Fmedia&parent=5"}],"curies":[{"name":"wp","href":"https:\/\/api.w.org\/{rel}","templated":true}]}}