{"id":18,"date":"2014-03-10T20:21:34","date_gmt":"2014-03-10T20:21:34","guid":{"rendered":"http:\/\/aka.elektroflux.net\/kischko\/?page_id=18"},"modified":"2014-04-07T08:37:23","modified_gmt":"2014-04-07T08:37:23","slug":"vorhange","status":"publish","type":"page","link":"http:\/\/kischko.at\/?page_id=18","title":{"rendered":"VORH\u00c4NGE"},"content":{"rendered":"<p><a href=\"http:\/\/kischko.at\/wp-content\/uploads\/vorhaenge7.jpg\"><img decoding=\"async\" loading=\"lazy\" class=\"alignnone size-full wp-image-171\" alt=\"vorhaenge\" src=\"http:\/\/kischko.at\/wp-content\/uploads\/vorhaenge7.jpg\" width=\"513\" height=\"374\" \/><\/a><\/p>\n<h3>Nutzen Sie unsere gro\u00dfe Auswahl an Stoffen und Decors. Eine professionelle und pers\u00f6nliche Beratung und Ma\u00dfanfertiung garantiert, dass Sie genau das bekommen was sie sich vorgestellt haben.<\/h3>\n<p><img decoding=\"async\" loading=\"lazy\" class=\"alignnone size-full wp-image-186\" alt=\"vorhaenge1\" src=\"http:\/\/kischko.at\/wp-content\/uploads\/vorhaenge12.jpg\" width=\"512\" height=\"372\" \/> <img decoding=\"async\" loading=\"lazy\" class=\"alignnone size-full wp-image-187\" alt=\"vorhaenge2\" src=\"http:\/\/kischko.at\/wp-content\/uploads\/vorhaenge22.jpg\" width=\"512\" height=\"372\" \/> <img decoding=\"async\" loading=\"lazy\" class=\"alignnone size-full wp-image-188\" alt=\"vorhaenge3\" src=\"http:\/\/kischko.at\/wp-content\/uploads\/vorhaenge32.jpg\" width=\"512\" height=\"372\" \/> <img decoding=\"async\" loading=\"lazy\" class=\"alignnone size-full wp-image-189\" alt=\"vorhaenge4\" src=\"http:\/\/kischko.at\/wp-content\/uploads\/vorhaenge42.jpg\" width=\"512\" height=\"372\" \/> <img decoding=\"async\" loading=\"lazy\" class=\"alignnone size-full wp-image-190\" alt=\"vorhaenge5\" src=\"http:\/\/kischko.at\/wp-content\/uploads\/vorhaenge51.jpg\" width=\"512\" height=\"372\" \/> <img decoding=\"async\" loading=\"lazy\" class=\"alignnone size-full wp-image-191\" alt=\"vorhaenge6\" src=\"http:\/\/kischko.at\/wp-content\/uploads\/vorhaenge61.jpg\" width=\"512\" height=\"372\" \/><\/p>\n","protected":false},"excerpt":{"rendered":"<p>Nutzen Sie unsere gro\u00dfe Auswahl an Stoffen und Decors. Eine professionelle und pers\u00f6nliche Beratung und Ma\u00dfanfertiung garantiert, dass Sie genau das bekommen was sie sich vorgestellt haben.<\/p>\n","protected":false},"author":2,"featured_media":0,"parent":12,"menu_order":0,"comment_status":"closed","ping_status":"closed","template":"","meta":{"footnotes":""},"_links":{"self":[{"href":"http:\/\/kischko.at\/index.php?rest_route=\/wp\/v2\/pages\/18"}],"collection":[{"href":"http:\/\/kischko.at\/index.php?rest_route=\/wp\/v2\/pages"}],"about":[{"href":"http:\/\/kischko.at\/index.php?rest_route=\/wp\/v2\/types\/page"}],"author":[{"embeddable":true,"href":"http:\/\/kischko.at\/index.php?rest_route=\/wp\/v2\/users\/2"}],"replies":[{"embeddable":true,"href":"http:\/\/kischko.at\/index.php?rest_route=%2Fwp%2Fv2%2Fcomments&post=18"}],"version-history":[{"count":11,"href":"http:\/\/kischko.at\/index.php?rest_route=\/wp\/v2\/pages\/18\/revisions"}],"predecessor-version":[{"id":201,"href":"http:\/\/kischko.at\/index.php?rest_route=\/wp\/v2\/pages\/18\/revisions\/201"}],"up":[{"embeddable":true,"href":"http:\/\/kischko.at\/index.php?rest_route=\/wp\/v2\/pages\/12"}],"wp:attachment":[{"href":"http:\/\/kischko.at\/index.php?rest_route=%2Fwp%2Fv2%2Fmedia&parent=18"}],"curies":[{"name":"wp","href":"https:\/\/api.w.org\/{rel}","templated":true}]}}