{"id":126,"date":"2014-04-01T07:15:19","date_gmt":"2014-04-01T07:15:19","guid":{"rendered":"http:\/\/aka.elektroflux.net\/kischko\/?page_id=126"},"modified":"2014-04-07T08:42:26","modified_gmt":"2014-04-07T08:42:26","slug":"teppiche","status":"publish","type":"page","link":"http:\/\/kischko.at\/?page_id=126","title":{"rendered":"TEPPICHE"},"content":{"rendered":"<p><img decoding=\"async\" loading=\"lazy\" class=\"alignnone size-full wp-image-127\" alt=\"teppiche\" src=\"http:\/\/kischko.at\/wp-content\/uploads\/teppiche.jpg\" width=\"513\" height=\"374\" \/><\/p>\n<h3>F\u00fcr alle, die es gerne etwas weicher und gem\u00fctlicher haben wollen, stehen Teppiche in vielen Farben zur Auswahl. Die Naturfaser Sisal bietet viele M\u00f6glichkeiten im Wohn- und B\u00fcroraum. Wir beraten Sie gerne.<\/h3>\n","protected":false},"excerpt":{"rendered":"<p>F\u00fcr alle, die es gerne etwas weicher und gem\u00fctlicher haben wollen, stehen Teppiche in vielen Farben zur Auswahl. Die Naturfaser Sisal bietet viele M\u00f6glichkeiten im Wohn- und B\u00fcroraum. Wir beraten Sie gerne.<\/p>\n","protected":false},"author":2,"featured_media":0,"parent":14,"menu_order":3,"comment_status":"closed","ping_status":"closed","template":"","meta":{"footnotes":""},"_links":{"self":[{"href":"http:\/\/kischko.at\/index.php?rest_route=\/wp\/v2\/pages\/126"}],"collection":[{"href":"http:\/\/kischko.at\/index.php?rest_route=\/wp\/v2\/pages"}],"about":[{"href":"http:\/\/kischko.at\/index.php?rest_route=\/wp\/v2\/types\/page"}],"author":[{"embeddable":true,"href":"http:\/\/kischko.at\/index.php?rest_route=\/wp\/v2\/users\/2"}],"replies":[{"embeddable":true,"href":"http:\/\/kischko.at\/index.php?rest_route=%2Fwp%2Fv2%2Fcomments&post=126"}],"version-history":[{"count":1,"href":"http:\/\/kischko.at\/index.php?rest_route=\/wp\/v2\/pages\/126\/revisions"}],"predecessor-version":[{"id":204,"href":"http:\/\/kischko.at\/index.php?rest_route=\/wp\/v2\/pages\/126\/revisions\/204"}],"up":[{"embeddable":true,"href":"http:\/\/kischko.at\/index.php?rest_route=\/wp\/v2\/pages\/14"}],"wp:attachment":[{"href":"http:\/\/kischko.at\/index.php?rest_route=%2Fwp%2Fv2%2Fmedia&parent=126"}],"curies":[{"name":"wp","href":"https:\/\/api.w.org\/{rel}","templated":true}]}}