{"id":120,"date":"2014-04-01T07:14:26","date_gmt":"2014-04-01T07:14:26","guid":{"rendered":"http:\/\/aka.elektroflux.net\/kischko\/?page_id=120"},"modified":"2014-04-07T08:39:34","modified_gmt":"2014-04-07T08:39:34","slug":"laminat","status":"publish","type":"page","link":"http:\/\/kischko.at\/?page_id=120","title":{"rendered":"LAMINAT"},"content":{"rendered":"<p><img decoding=\"async\" loading=\"lazy\" class=\"alignnone  wp-image-121\" alt=\"laminat0\" src=\"http:\/\/kischko.at\/wp-content\/uploads\/laminat0.jpg\" width=\"513\" height=\"374\" \/><\/p>\n<h3>Best\u00e4ndig, hygienisch, praktisch: Es gibt viele gute Gr\u00fcnde, die f\u00fcr Laminat-Fu\u00dfb\u00f6den sprechen. Sch\u00f6n, wenn sie dann auch noch einfach zu verlegen und leicht zu pflegen sind. Wir beraten Sie gerne.<\/h3>\n<p><img decoding=\"async\" loading=\"lazy\" class=\"alignnone size-full wp-image-122\" alt=\"laminat1\" src=\"http:\/\/kischko.at\/wp-content\/uploads\/laminat1.jpg\" width=\"513\" height=\"374\" \/><\/p>\n<p><img decoding=\"async\" loading=\"lazy\" class=\"alignnone size-full wp-image-123\" alt=\"laminat2\" src=\"http:\/\/kischko.at\/wp-content\/uploads\/laminat2.jpg\" width=\"513\" height=\"374\" \/><\/p>\n<p><img decoding=\"async\" loading=\"lazy\" class=\"alignnone size-full wp-image-124\" alt=\"laminat4\" src=\"http:\/\/kischko.at\/wp-content\/uploads\/laminat4.jpg\" width=\"513\" height=\"374\" \/><\/p>\n<p>&nbsp;<\/p>\n","protected":false},"excerpt":{"rendered":"<p>Best\u00e4ndig, hygienisch, praktisch: Es gibt viele gute Gr\u00fcnde, die f\u00fcr Laminat-Fu\u00dfb\u00f6den sprechen. Sch\u00f6n, wenn sie dann auch noch einfach zu verlegen und leicht zu pflegen sind. Wir beraten Sie gerne. &nbsp;<\/p>\n","protected":false},"author":2,"featured_media":0,"parent":14,"menu_order":2,"comment_status":"closed","ping_status":"closed","template":"","meta":{"footnotes":""},"_links":{"self":[{"href":"http:\/\/kischko.at\/index.php?rest_route=\/wp\/v2\/pages\/120"}],"collection":[{"href":"http:\/\/kischko.at\/index.php?rest_route=\/wp\/v2\/pages"}],"about":[{"href":"http:\/\/kischko.at\/index.php?rest_route=\/wp\/v2\/types\/page"}],"author":[{"embeddable":true,"href":"http:\/\/kischko.at\/index.php?rest_route=\/wp\/v2\/users\/2"}],"replies":[{"embeddable":true,"href":"http:\/\/kischko.at\/index.php?rest_route=%2Fwp%2Fv2%2Fcomments&post=120"}],"version-history":[{"count":1,"href":"http:\/\/kischko.at\/index.php?rest_route=\/wp\/v2\/pages\/120\/revisions"}],"predecessor-version":[{"id":203,"href":"http:\/\/kischko.at\/index.php?rest_route=\/wp\/v2\/pages\/120\/revisions\/203"}],"up":[{"embeddable":true,"href":"http:\/\/kischko.at\/index.php?rest_route=\/wp\/v2\/pages\/14"}],"wp:attachment":[{"href":"http:\/\/kischko.at\/index.php?rest_route=%2Fwp%2Fv2%2Fmedia&parent=120"}],"curies":[{"name":"wp","href":"https:\/\/api.w.org\/{rel}","templated":true}]}}