{"id":108,"date":"2014-04-01T07:09:18","date_gmt":"2014-04-01T07:09:18","guid":{"rendered":"http:\/\/aka.elektroflux.net\/kischko\/?page_id=108"},"modified":"2014-04-07T08:46:46","modified_gmt":"2014-04-07T08:46:46","slug":"rollladen","status":"publish","type":"page","link":"http:\/\/kischko.at\/?page_id=108","title":{"rendered":"ROLLL\u00c4DEN"},"content":{"rendered":"<p><img decoding=\"async\" loading=\"lazy\" class=\"alignnone size-full wp-image-109\" alt=\"rolllaeden0\" src=\"http:\/\/kischko.at\/wp-content\/uploads\/rolllaeden0.jpg\" width=\"513\" height=\"374\" \/><\/p>\n<h3>Rolll\u00e4den sind ein wichtiger Bestandteil jeden Sonnenschutzes &#8211; stufenlose Lichtregulierung &#8211; Rolll\u00e4den bieten Schutz vor W\u00e4rme, K\u00e4lte, L\u00e4rm und Regen.<\/h3>\n","protected":false},"excerpt":{"rendered":"<p>Rolll\u00e4den sind ein wichtiger Bestandteil jeden Sonnenschutzes &#8211; stufenlose Lichtregulierung &#8211; Rolll\u00e4den bieten Schutz vor W\u00e4rme, K\u00e4lte, L\u00e4rm und Regen.<\/p>\n","protected":false},"author":2,"featured_media":0,"parent":12,"menu_order":8,"comment_status":"closed","ping_status":"closed","template":"","meta":{"footnotes":""},"_links":{"self":[{"href":"http:\/\/kischko.at\/index.php?rest_route=\/wp\/v2\/pages\/108"}],"collection":[{"href":"http:\/\/kischko.at\/index.php?rest_route=\/wp\/v2\/pages"}],"about":[{"href":"http:\/\/kischko.at\/index.php?rest_route=\/wp\/v2\/types\/page"}],"author":[{"embeddable":true,"href":"http:\/\/kischko.at\/index.php?rest_route=\/wp\/v2\/users\/2"}],"replies":[{"embeddable":true,"href":"http:\/\/kischko.at\/index.php?rest_route=%2Fwp%2Fv2%2Fcomments&post=108"}],"version-history":[{"count":1,"href":"http:\/\/kischko.at\/index.php?rest_route=\/wp\/v2\/pages\/108\/revisions"}],"predecessor-version":[{"id":212,"href":"http:\/\/kischko.at\/index.php?rest_route=\/wp\/v2\/pages\/108\/revisions\/212"}],"up":[{"embeddable":true,"href":"http:\/\/kischko.at\/index.php?rest_route=\/wp\/v2\/pages\/12"}],"wp:attachment":[{"href":"http:\/\/kischko.at\/index.php?rest_route=%2Fwp%2Fv2%2Fmedia&parent=108"}],"curies":[{"name":"wp","href":"https:\/\/api.w.org\/{rel}","templated":true}]}}